{"id":24,"date":"2016-04-12T14:53:49","date_gmt":"2016-04-12T13:53:49","guid":{"rendered":"http:\/\/carrefourlaiqueaubenas.fr\/?page_id=24"},"modified":"2016-12-04T09:37:52","modified_gmt":"2016-12-04T08:37:52","slug":"frequence-7","status":"publish","type":"page","link":"https:\/\/carrefourlaiqueaubenas.fr\/index.php\/frequence-7\/","title":{"rendered":"Podcasts"},"content":{"rendered":"<p>Les conf\u00e9rences-d\u00e9bats du Carrefour La\u00efque d&rsquo;Aubenas et d&rsquo;ailleurs, enregistr\u00e9es par <strong>Fr\u00e9quence7<\/strong> et rediffus\u00e9es dans l&rsquo;\u00e9mission R\u00e9flexion sont en ligne sur la<strong><a href=\"https:\/\/www.youtube.com\/channel\/UCB4M1Ri7rM5SRx809T8yVYg\" target=\"_blank\"> cha\u00eene Youtube<\/a> <\/strong>du Carrefour La\u00efque.<\/p>\n<p><strong><a href=\"https:\/\/youtu.be\/tDOJLjgskXk\" target=\"_blank\">La d\u00e9centralisation<\/a><\/strong>, Fabien Desage<\/p>\n<p><strong><a href=\"https:\/\/youtu.be\/tDOJLjgskXk\" target=\"_blank\">Les femmes et la grande guerre<\/a><\/strong>, Fran\u00e7oise Kern<\/p>\n<p><strong><a href=\"https:\/\/youtu.be\/7LGYFom5n3k\">La crise du logement<\/a><\/strong> , Manuel Domergue<\/p>\n<p><a href=\"https:\/\/youtu.be\/h8NYMCyopLg\">La r\u00e9volution num\u00e9rique<\/a>, Yann Le Pollotec<\/p>\n<p>Un condens\u00e9 des conf\u00e9rences-d\u00e9bats organis\u00e9es sur le territoire, o\u00f9 histoire, philosophie ou encore politique se c\u00f4toient : \u00e0 \u00e9couter ou \u00e0 t\u00e9l\u00e9charger.<\/p>\n<p>&nbsp;<\/p>\n","protected":false},"excerpt":{"rendered":"<p>Les conf\u00e9rences-d\u00e9bats du Carrefour La\u00efque d&rsquo;Aubenas et d&rsquo;ailleurs, enregistr\u00e9es par Fr\u00e9quence7 et rediffus\u00e9es dans l&rsquo;\u00e9mission R\u00e9flexion sont en ligne sur la cha\u00eene Youtube du Carrefour La\u00efque. La d\u00e9centralisation, Fabien Desage Les femmes et la grande guerre, Fran\u00e7oise Kern La crise du logement , Manuel Domergue La r\u00e9volution num\u00e9rique, Yann Le \u2026<\/p>\n<p class=\"continue-reading-button\"> <a class=\"continue-reading-link\" href=\"https:\/\/carrefourlaiqueaubenas.fr\/index.php\/frequence-7\/\">Lire la suite<i class=\"crycon-right-dir\"><\/i><\/a><\/p>\n","protected":false},"author":1,"featured_media":0,"parent":0,"menu_order":0,"comment_status":"closed","ping_status":"closed","template":"","meta":{"footnotes":""},"class_list":["post-24","page","type-page","status-publish","hentry"],"_links":{"self":[{"href":"https:\/\/carrefourlaiqueaubenas.fr\/index.php\/wp-json\/wp\/v2\/pages\/24","targetHints":{"allow":["GET"]}}],"collection":[{"href":"https:\/\/carrefourlaiqueaubenas.fr\/index.php\/wp-json\/wp\/v2\/pages"}],"about":[{"href":"https:\/\/carrefourlaiqueaubenas.fr\/index.php\/wp-json\/wp\/v2\/types\/page"}],"author":[{"embeddable":true,"href":"https:\/\/carrefourlaiqueaubenas.fr\/index.php\/wp-json\/wp\/v2\/users\/1"}],"replies":[{"embeddable":true,"href":"https:\/\/carrefourlaiqueaubenas.fr\/index.php\/wp-json\/wp\/v2\/comments?post=24"}],"version-history":[{"count":6,"href":"https:\/\/carrefourlaiqueaubenas.fr\/index.php\/wp-json\/wp\/v2\/pages\/24\/revisions"}],"predecessor-version":[{"id":151,"href":"https:\/\/carrefourlaiqueaubenas.fr\/index.php\/wp-json\/wp\/v2\/pages\/24\/revisions\/151"}],"wp:attachment":[{"href":"https:\/\/carrefourlaiqueaubenas.fr\/index.php\/wp-json\/wp\/v2\/media?parent=24"}],"curies":[{"name":"wp","href":"https:\/\/api.w.org\/{rel}","templated":true}]}}