{"id":27,"date":"2016-04-12T14:57:51","date_gmt":"2016-04-12T13:57:51","guid":{"rendered":"http:\/\/carrefourlaiqueaubenas.fr\/?page_id=27"},"modified":"2025-05-07T14:20:40","modified_gmt":"2025-05-07T13:20:40","slug":"programme-2016","status":"publish","type":"page","link":"https:\/\/carrefourlaiqueaubenas.fr\/index.php\/programme-2016\/","title":{"rendered":"Historique"},"content":{"rendered":"<p><i><b>Vendredi 8 janvier 2016 \u00e0 la salle La Pin\u00e8de \u00e0 20h30<\/b><\/i><\/p>\n<p align=\"center\"><b>\u00ab\u00a0Les femmes dans la guerre de 14\u00a0\u00bb avec Fran\u00e7oise Kern<\/b><\/p>\n<p align=\"center\"><i>Professeur agr\u00e9g\u00e9e d\u2019histoire, enseignant \u00e0 Pierrelatte<\/i><\/p>\n<p><i><b>Vendredi 22 Janvier \u00e0 la salle Maurice Champel \u00e0 St Etienne de Fontbellon \u00e0 20h30<\/b><\/i><\/p>\n<p align=\"center\">\u00a0\u00a0\u00a0 <b>\u00ab\u00a0l\u2019Ukraine\u00a0\u00bb avec\u00a0 Paul Gradvolh<\/b><\/p>\n<p align=\"center\">\u00a0 <i>Historien universitaire St Etienne de Fontbellon<\/i><\/p>\n<p><i><b>11 f\u00e9vrier2016 \u00a0<\/b><\/i><i><b>\u00e0 l\u2019espace Deydier \u00e0 Ucel \u00a0<\/b><\/i><i><b>\u00e0 20h30<\/b><\/i><\/p>\n<p align=\"center\"><b>spectacle autour du Moulin de Raoul avec la Compagnie \u00ab\u00a0Des bulles et des grains\u00a0\u00bb<\/b><\/p>\n<p align=\"center\"><b>de Sophie Courtois<\/b><\/p>\n<p><b>Jeudi\u00a0 3\u00a0 Mars\u00a0\u00a0 au Centre Etienne Le Bournot \u00e0 20h30<\/b><\/p>\n<p align=\"center\">\u00a0\u00a0 \u00a0<b>\u00ab\u00a0L\u2019individu, la r\u00e9publique et le lib\u00e9ralisme\u00a0\u00bb avec\u00a0\u00a0Roland Gori\u00a0<\/b><\/p>\n<p align=\"center\"><i>Professeur de psychopathologie clinique\u00a0 \u00e0 Marseille<\/i><\/p>\n<p><b>Jeudi 24 mars\u00a0 2016 \u00e0 la salle des f\u00eates de Lab\u00e9gude \u00e0 20h30<\/b><\/p>\n<p align=\"center\"><b>\u00ab\u00a0La burle et les jonquilles\u00a0\u00bb avec Pierre Pr\u00e9sumey<\/b><\/p>\n<p><b>Vendredi 22 avril<\/b> \u00a0 <i>St Julien du Serre 20h30<\/i><\/p>\n<p align=\"center\"><b><a href=\"https:\/\/carrefourlaiqueaubenas.fr\/index.php\/2016\/04\/11\/la-crise-du-logement-220416\/\">\u00abCrise du Logement \u00bb\u00a0 Manuel Domergue<\/a><\/b><\/p>\n<p align=\"center\"><i>Directeur d\u2019\u00e9tudes \u00e0 la Fondation Abb\u00e9 Pierre<\/i><\/p>\n<p><b>Jeudi 19 mai 2016 \u00a0au Centre Etienne Le Bournot \u00e0 20h30<\/b><\/p>\n<p align=\"center\"><b>\u00ab\u00a0Emanciper le travail\u00a0\u00bb\u00a0 Bernard Friot\u00a0\u00a0<\/b><\/p>\n<p align=\"center\"><i>sociologue<\/i><\/p>\n<p><b>Jeudi 2 juin 2016 \u00e0 la\u00a0<strong>salle des f\u00eates de La-Chapelle-sous-Aubenas 20h30<\/strong><\/b><\/p>\n<p align=\"center\">\u00a0<b>\u00ab\u00a0La colonisation fran\u00e7aise, histoire et probl\u00e8mes\u00a0\u00bb\u00a0 Alain Ruscio\u00a0<\/b><\/p>\n<p align=\"center\"><i>Historien<\/i><\/p>\n<p><b>Jeudi 22 septembre au cin\u00e9ma Le Navire \u00e0 Aubenas \u00e0 20h<\/b><\/p>\n<p align=\"center\"><b>\u00abComme des lions \u00bb \u00a0\u00a0<\/b><\/p>\n<p align=\"center\">\u00a0 en partenariat avec la CGT Aubenas<\/p>\n<p><strong>Jeudi 13 octobre 2016 \u00a0au\u00a0Lyc\u00e9e agricole Olivier de Serre 20h30<\/strong><\/p>\n<p style=\"text-align: center;\">\u00ab\u00a0La r\u00e9volution num\u00e9rique- <em>mieux comprendre pour mieux ma\u00eetriser\/ ses atouts et ses dangers\/Quels enjeux\u00a0?\u00a0\u00bb<\/em><\/p>\n<p style=\"text-align: center;\"><em><strong>Yann le Pollotec<\/strong><\/em><\/p>\n<p><strong>Jeudi 3 novembre 2016 \u00a0\u00a0Saint-Julien-du-Serre 20h30<\/strong><\/p>\n<p style=\"text-align: center;\">\u00ab\u00a0Les g\u00e9n\u00e9rations de Mai 68et leurs h\u00e9ritages\u00a0\u00bb<br \/>\n<strong>Julie Pagis<\/strong><\/p>\n<p><strong>Jeudi 1er d\u00e9cembre2016\u00a0<b>au Centre Etienne Le Bournot \u00e0 20h30<\/b><\/strong><\/p>\n<p style=\"text-align: center;\">\u00ab\u00a0Fonctionnement des syst\u00e8mes climatiques\u00a0: leur \u00e9volution du pass\u00e9 lointain aux changements actuels\u00a0\u00bb<br \/>\n<strong>Jacques Gr\u00e9gnac<\/strong><\/p>\n<p><strong>20 Janvier 2017\u00a020h30<\/strong><\/p>\n<p style=\"text-align: center;\">\u00ab\u00a0Les \u00ab\u00a0classes populaires\u00a0\u00bb\u00a0: condamn\u00e9es \u00e0 l\u2019invisibilt\u00e9 et au silence\u00a0?\u00a0\u00bb <strong>Paul Bouffartigue<\/strong><\/p>\n<p style=\"text-align: center;\">\n<p>&nbsp;<\/p>\n<p class=\"spip\">CONTACTS<br \/>\nMireille Ponton<br \/>\nE-Mail\u00a0: mireille.ponton@wanadoo.fr<\/p>\n","protected":false},"excerpt":{"rendered":"<p>Vendredi 8 janvier 2016 \u00e0 la salle La Pin\u00e8de \u00e0 20h30 \u00ab\u00a0Les femmes dans la guerre de 14\u00a0\u00bb avec Fran\u00e7oise Kern Professeur agr\u00e9g\u00e9e d\u2019histoire, enseignant \u00e0 Pierrelatte Vendredi 22 Janvier \u00e0 la salle Maurice Champel \u00e0 St Etienne de Fontbellon \u00e0 20h30 \u00a0\u00a0\u00a0 \u00ab\u00a0l\u2019Ukraine\u00a0\u00bb avec\u00a0 Paul Gradvolh \u00a0 Historien universitaire \u2026<\/p>\n<p class=\"continue-reading-button\"> <a class=\"continue-reading-link\" href=\"https:\/\/carrefourlaiqueaubenas.fr\/index.php\/programme-2016\/\">Lire la suite<i class=\"crycon-right-dir\"><\/i><\/a><\/p>\n","protected":false},"author":1,"featured_media":0,"parent":0,"menu_order":0,"comment_status":"closed","ping_status":"closed","template":"","meta":{"footnotes":""},"class_list":["post-27","page","type-page","status-publish","hentry"],"_links":{"self":[{"href":"https:\/\/carrefourlaiqueaubenas.fr\/index.php\/wp-json\/wp\/v2\/pages\/27","targetHints":{"allow":["GET"]}}],"collection":[{"href":"https:\/\/carrefourlaiqueaubenas.fr\/index.php\/wp-json\/wp\/v2\/pages"}],"about":[{"href":"https:\/\/carrefourlaiqueaubenas.fr\/index.php\/wp-json\/wp\/v2\/types\/page"}],"author":[{"embeddable":true,"href":"https:\/\/carrefourlaiqueaubenas.fr\/index.php\/wp-json\/wp\/v2\/users\/1"}],"replies":[{"embeddable":true,"href":"https:\/\/carrefourlaiqueaubenas.fr\/index.php\/wp-json\/wp\/v2\/comments?post=27"}],"version-history":[{"count":8,"href":"https:\/\/carrefourlaiqueaubenas.fr\/index.php\/wp-json\/wp\/v2\/pages\/27\/revisions"}],"predecessor-version":[{"id":193,"href":"https:\/\/carrefourlaiqueaubenas.fr\/index.php\/wp-json\/wp\/v2\/pages\/27\/revisions\/193"}],"wp:attachment":[{"href":"https:\/\/carrefourlaiqueaubenas.fr\/index.php\/wp-json\/wp\/v2\/media?parent=27"}],"curies":[{"name":"wp","href":"https:\/\/api.w.org\/{rel}","templated":true}]}}